{"id":1688,"date":"2017-12-07T16:03:47","date_gmt":"2017-12-07T16:03:47","guid":{"rendered":"https:\/\/sica-up.com\/?page_id=1688"},"modified":"2018-05-08T10:42:58","modified_gmt":"2018-05-08T10:42:58","slug":"about-cookies","status":"publish","type":"page","link":"http:\/\/sica-up.com\/pb\/sobre-cookies\/","title":{"rendered":"Sobre Cookies"},"content":{"rendered":"<h2>Cookies<\/h2>\n<p>Die Internetseiten verwenden teilweise so genannte Cookies. Cookies richten auf Ihrem Rechner keinen<br \/>\nSchaden an und enthalten keine Viren. Cookies dienen dazu, unser Angebot nutzerfreundlicher, effektiver<br \/>\nund sicherer zu machen. Cookies sind kleine Textdateien, die auf Ihrem Rechner abgelegt werden und<br \/>\ndie Ihr Browser speichert.<\/p>\n<p>Die meisten der von uns verwendeten Cookies sind so genannte \u201eSession-Cookies\u201c. Sie werden nach<br \/>\nEnde Ihres Besuchs automatisch gel\u00f6scht. Andere Cookies bleiben auf Ihrem Endger\u00e4t gespeichert, bis<br \/>\nSie diese l\u00f6schen. Diese Cookies erm\u00f6glichen es uns, Ihren Browser beim n\u00e4chsten Besuch<br \/>\nwiederzuerkennen.<\/p>\n<p>Sie k\u00f6nnen Ihren Browser so einstellen, dass Sie \u00fcber das Setzen von Cookies informiert werden und<br \/>\nCookies nur im Einzelfall erlauben, die Annahme von Cookies f\u00fcr bestimmte F\u00e4lle oder generell<br \/>\nausschlie\u00dfen sowie das automatische L\u00f6schen der Cookies beim Schlie\u00dfen des Browser aktivieren. Bei<br \/>\nder Deaktivierung von Cookies kann die Funktionalit\u00e4t dieser Website eingeschr\u00e4nkt sein.<\/p>\n","protected":false},"excerpt":{"rendered":"<p>Cookies Die Internetseiten verwenden teilweise so genannte Cookies. Cookies richten auf Ihrem Rechner keinen Schaden an und enthalten keine Viren. Cookies dienen dazu, unser Angebot nutzerfreundlicher, effektiver und sicherer zu [&hellip;]<\/p>\n","protected":false},"author":2,"featured_media":0,"parent":0,"menu_order":0,"comment_status":"closed","ping_status":"closed","template":"","meta":{"_genesis_hide_title":false,"_genesis_hide_breadcrumbs":false,"_genesis_hide_singular_image":false,"_genesis_hide_footer_widgets":false,"_genesis_custom_body_class":"","_genesis_custom_post_class":"","_genesis_layout":"","footnotes":""},"_links":{"self":[{"href":"http:\/\/sica-up.com\/pb\/wp-json\/wp\/v2\/pages\/1688"}],"collection":[{"href":"http:\/\/sica-up.com\/pb\/wp-json\/wp\/v2\/pages"}],"about":[{"href":"http:\/\/sica-up.com\/pb\/wp-json\/wp\/v2\/types\/page"}],"author":[{"embeddable":true,"href":"http:\/\/sica-up.com\/pb\/wp-json\/wp\/v2\/users\/2"}],"replies":[{"embeddable":true,"href":"http:\/\/sica-up.com\/pb\/wp-json\/wp\/v2\/comments?post=1688"}],"version-history":[{"count":5,"href":"http:\/\/sica-up.com\/pb\/wp-json\/wp\/v2\/pages\/1688\/revisions"}],"predecessor-version":[{"id":2157,"href":"http:\/\/sica-up.com\/pb\/wp-json\/wp\/v2\/pages\/1688\/revisions\/2157"}],"wp:attachment":[{"href":"http:\/\/sica-up.com\/pb\/wp-json\/wp\/v2\/media?parent=1688"}],"curies":[{"name":"wp","href":"https:\/\/api.w.org\/{rel}","templated":true}]}}