{"id":18,"date":"2016-10-21T14:20:59","date_gmt":"2016-10-21T14:20:59","guid":{"rendered":"https:\/\/sica-up.com\/?page_id=18"},"modified":"2018-04-20T13:28:38","modified_gmt":"2018-04-20T13:28:38","slug":"contact","status":"publish","type":"page","link":"http:\/\/sica-up.com\/pb\/contato\/","title":{"rendered":"Contato"},"content":{"rendered":"<p><img loading=\"lazy\" decoding=\"async\" class=\"alignnone size-medium wp-image-759 aligncenter\" src=\"https:\/\/sica-up.com\/wp-content\/uploads\/2016\/11\/SICAupcyclingdesign_PMB_clippingup_material_jerseywaste_handmade-300x169.jpg\" alt=\"sicaupcyclingdesign_pmb_clippingup_material_jerseywaste_handmade\" width=\"300\" height=\"169\" srcset=\"http:\/\/sica-up.com\/wp-content\/uploads\/2016\/11\/SICAupcyclingdesign_PMB_clippingup_material_jerseywaste_handmade-300x169.jpg 300w, http:\/\/sica-up.com\/wp-content\/uploads\/2016\/11\/SICAupcyclingdesign_PMB_clippingup_material_jerseywaste_handmade-600x338.jpg 600w, http:\/\/sica-up.com\/wp-content\/uploads\/2016\/11\/SICAupcyclingdesign_PMB_clippingup_material_jerseywaste_handmade-1024x576.jpg 1024w, http:\/\/sica-up.com\/wp-content\/uploads\/2016\/11\/SICAupcyclingdesign_PMB_clippingup_material_jerseywaste_handmade.jpg 1920w\" sizes=\"(max-width: 709px) 85vw, (max-width: 909px) 67vw, (max-width: 1362px) 62vw, 840px\" \/><\/p>\n<p>&nbsp;<\/p>\n<p><div class=\"contact\"><div class=\"contact-item\"><\/p>\n<p>Simone Simonato<br \/>\n+49 157 7477 4972<\/p>\n<p>Proskauer Str. 4<br \/>\n10247 Berlin, Alemanha<br \/>\n(visitas apenas com agendamento, escreva para info@sica-up.com)<\/div><div class=\"contact-item\"><\/p>\n<p>Coment\u00e1rios e sugest\u00f5es, entre em contato atrav\u00e9s do endere\u00e7o:<\/p>\n<p><strong><a href=\"mailto:info@sica-up.com\">info@sica-up.com<\/a><\/strong><\/p>\n<p><\/div><\/div><div class=\"contact\"><div class=\"contact-item\"><\/p>\n<p><strong>Informa\u00e7\u00f5es sobre vendas:\u00a0<\/strong><\/p>\n<p>Consumidor e\/ou varejista:<\/p>\n<p><a href=\"mailto:sales@sica-up.com\">sales@sica-up.com<\/a><\/p>\n<p><\/div><div class=\"contact-item\"><\/p>\n<p><strong>Colabora\u00e7\u00f5es:<\/strong><\/p>\n<p>Se voc\u00ea est\u00e1 interessado em colaborar com a SICA<\/p>\n<p><a href=\"mailto:collab@sica-up.com\">collab@sica-up.com<\/a><\/p>\n<p><\/div><\/div><\/p>","protected":false},"excerpt":{"rendered":"<p>&nbsp; Simone Simonato +49 157 7477 4972 Proskauer Str. 4 10247 Berlin, Alemanha (visitas apenas com agendamento, escreva para info@sica-up.com) Coment\u00e1rios e sugest\u00f5es, entre em contato atrav\u00e9s do endere\u00e7o: info@sica-up.com [&hellip;]<\/p>\n","protected":false},"author":2,"featured_media":0,"parent":0,"menu_order":0,"comment_status":"closed","ping_status":"closed","template":"","meta":{"_genesis_hide_title":false,"_genesis_hide_breadcrumbs":false,"_genesis_hide_singular_image":false,"_genesis_hide_footer_widgets":false,"_genesis_custom_body_class":"","_genesis_custom_post_class":"","_genesis_layout":"","footnotes":""},"_links":{"self":[{"href":"http:\/\/sica-up.com\/pb\/wp-json\/wp\/v2\/pages\/18"}],"collection":[{"href":"http:\/\/sica-up.com\/pb\/wp-json\/wp\/v2\/pages"}],"about":[{"href":"http:\/\/sica-up.com\/pb\/wp-json\/wp\/v2\/types\/page"}],"author":[{"embeddable":true,"href":"http:\/\/sica-up.com\/pb\/wp-json\/wp\/v2\/users\/2"}],"replies":[{"embeddable":true,"href":"http:\/\/sica-up.com\/pb\/wp-json\/wp\/v2\/comments?post=18"}],"version-history":[{"count":15,"href":"http:\/\/sica-up.com\/pb\/wp-json\/wp\/v2\/pages\/18\/revisions"}],"predecessor-version":[{"id":2064,"href":"http:\/\/sica-up.com\/pb\/wp-json\/wp\/v2\/pages\/18\/revisions\/2064"}],"wp:attachment":[{"href":"http:\/\/sica-up.com\/pb\/wp-json\/wp\/v2\/media?parent=18"}],"curies":[{"name":"wp","href":"https:\/\/api.w.org\/{rel}","templated":true}]}}