{"id":485,"date":"2018-05-02T11:06:01","date_gmt":"2018-05-02T11:06:01","guid":{"rendered":"https:\/\/sica-up.com\/?page_id=485"},"modified":"2018-08-20T14:24:53","modified_gmt":"2018-08-20T14:24:53","slug":"terms-and-conditions","status":"publish","type":"page","link":"https:\/\/sica-up.com\/de\/allgemeine-geschaftsbedingungen-agb\/","title":{"rendered":"Allgemeine Gesch\u00e4ftsbedingungen (AGB)"},"content":{"rendered":"<p><\/p>\n<header class=\"entry-header\">\n<p class=\"entry-title\"><strong>Vertragspartner<\/strong><\/p>\n<\/header>\n<div class=\"entry-content\">\n<p>Auf Grundlage dieser Allgemeinen Gesch\u00e4ftsbedingungen (AGB) kommt zwischen dem*r Kunden*in und <em>SICA up cycling design,<\/em>\u2028vertreten durch Simone Simonato\u2028, Proskauer Str. 4\u2028,10247 Berlin,\u2028 Mail: info@sica-up.com\u2028\u2028 Umsatzsteuer-Identifikationsnummer: DE294513299, nachfolgend Anbieterin genannt, ein Vertrag zustande.<br \/>\nDer Vertrag wird in Deutsch abgefasst. Die weitere Durchf\u00fchrung der Vertragsbeziehung erfolgt in Deutsch. Es findet ausschlie\u00dflich das Recht der Bundesrepublik Deutschland Anwendung. F\u00fcr Verbraucher gilt dies nur insoweit, als dadurch keine gesetzlichen Bestimmungen des Staates eingeschr\u00e4nkt werden, in dem der Kunde seinen Wohnsitz oder gew\u00f6hnlichen Aufenthalt hat. Gerichtsstand ist bei Streitigkeiten mit Kunden, die kein Verbraucher, juristische Person des \u00f6ffentlichen Rechts oder \u00f6ffentlich-rechtliches Sonderverm\u00f6gen sind, Sitz der Anbieterin.<\/p>\n<h3><strong>Vertragsgegenstand<\/strong><\/h3>\n<p>Durch diesen Vertrag wird der Verkauf von neuer Ware aus dem Bereich von Taschen, Wohnaccesoires, Kleidung und Accessoires \u00fcber den Online-Shop der Anbieterin auf der Website https:\/\/www.sica-up.com\/ geregelt. Entgegenstehenden AGB des Bestellers wird widersprochen. Wegen der Details des jeweiligen Angebotes wird auf die Produktbeschreibung der Angebotsseite verwiesen.<br \/>\nDer Vertrag kommt ausschlie\u00dflich im elektronischen Gesch\u00e4ftsverkehr \u00fcber das Shop-System zustande. Dabei stellen die dargestellten Angebote eine unverbindliche Aufforderung zur Abgabe eines Angebots durch die Kundenbestellung dar, das die Anbieterin dann annehmen kann. Der Bestellvorgang zum Vertragsschluss umfasst im Shop-System folgende Schritte:<br \/>\nDer*die Kunde*in w\u00e4hlt die gew\u00fcnschte Ware durch klicken des Buttons\u00a0 \u201ein den Warenkorb\u201c und f\u00fcgt die Ware so der Bestellung hinzu. Durch klicken auf \u201eWarenkorb anzeigen\u201c kann er*sie die ausgew\u00e4hlten Waren anzeigen. Durch klicken von \u201eWeiter zu Kasse\u201c\u00a0 kann er die Bestellung abschliessen. Abschlie\u00dfend kann die Bestellung \u00fcber den Button \u201eKaufen\u201c an den Anbieter \u00fcbermittelt werden. Der Kunde hat bis zur Absendung seiner Bestellung jederzeit die M\u00f6glichkeit, die im Rahmen der Bestellung angegebenen Daten einzusehen und zu \u00e4ndern oder die Bestellung ganz abzubrechen. Der Kunde erh\u00e4lt eine Best\u00e4tigungsmail, dass die Bestellung bei der Anbieterin eingegangen ist.<\/p>\n<h3><strong>Vorbehalte<\/strong><\/h3>\n<p>Der Anbieter beh\u00e4lt sich vor, eine in Qualit\u00e4t und Preis gleichwertige Leistung zu erbringen. Die im Shop dargestellte Leistung ist beispielhaft und nicht die individuelle, vertragsgegenst\u00e4ndliche Leistung. Der Anbieter beh\u00e4lt sich vor, im Falle der Nichtverf\u00fcgbarkeit der versprochenen Leistung diese nicht zu erbringen.<\/p>\n<h3><strong>Preise, Versandkosten, R\u00fccksendekosten<\/strong><\/h3>\n<p>Alle Preise sind Endpreise und enthalten die gesetzliche Umsatzsteuer. Neben den Endpreisen fallen je nach Versandart weitere Kosten an, die vor Versendung der Bestellung angezeigt werden. Besteht ein Widerrufsrecht und wird von diesem Gebrauch\u00a0gemacht, tr\u00e4gt der Kunde die Kosten der R\u00fccksendung.<br \/>\nDie Kosten f\u00fcr den Versand werden vom Kunden getragen. Der Versand erfolgt an die vom Kunden bei der Bestellung angegebene Lieferanschrift. Der Versand erfolgt durch ein vom Anbieter gew\u00e4hltes Versandunternehmen. Die Versandkosten sind der entsprechenden Produktbeschreibung zu entnehmen.<br \/>\nSofern die Lieferung in das Nicht-EU-Ausland erfolgt, k\u00f6nnen weitere Z\u00f6lle, Steuern oder Geb\u00fchren vom Kunden zu zahlen sein, jedoch nicht an den Anbieter, sondern an die dort zust\u00e4ndigen Zoll- bzw. Steuerbeh\u00f6rden. Dem Kunden wird empfohlen, die Einzelheiten vor der Bestellung bei den Zoll- bzw. Steuerbeh\u00f6rden zu erfragen.<\/p>\n<p>Der Kunde hat ausschlie\u00dflich folgende M\u00f6glichkeiten zur Zahlung:<br \/>\n1.Zahlungsdienstleister (PayPal),<br \/>\n2.Visa, Mastercard and American Express payments<br \/>\n3.Sofort\u00fcberweisung<\/p>\n<p>Der Rechnungsbetrag ist nach Zugang der Rechnung, die alle Angaben f\u00fcr die \u00dcberweisung enth\u00e4lt und per E-Mail versendet wird, auf das dort angegebene Konto vorab zu \u00fcberweisen. Bei Verwendung eines Treuhandservices oder Zahlungsdienstleisters erm\u00f6glicht es dieser, dem Anbieter und Kunden, die Zahlung untereinander abzuwickeln. Dabei leitet der Treuhandservice oder Zahlungsdienstleister die Zahlung des Kunden an den Anbieter weiter. Weitere Informationen erhalten Sie auf der Internetseite des jeweiligen Treuhandservices oder Zahlungsdienstleisters. Der Rechnungsbetrag kann auch unter Abzug der in Ansatz gebrachten Versandkosten in den Gesch\u00e4ftsr\u00e4umen des Anbieters zu den \u00fcblichen B\u00fcrozeiten in bar gezahlt werden. Der Kunde ist verpflichtet innerhalb von 10 Tagen nach Erhalt der Rechnung den ausgewiesenen Betrag auf das auf der Rechnung angegebene Konto einzuzahlen oder zu \u00fcberweisen. Die Zahlung ist ab Rechnungsdatum ohne Abzug f\u00e4llig. Nach Ablauf der Zahlungsfrist, die somit Kalenderm\u00e4\u00dfig bestimmt ist, kommt der Kunde auch ohne Mahnung in Verzug. Ein Zur\u00fcckbehaltungsrecht des Kunden, welches nicht auf demselben Vertragsverh\u00e4ltnis beruht, wird ausgeschlossen.<\/p>\n<h3><strong><span lang=\"DE\">Lieferbedingungen<\/span><\/strong><\/h3>\n<p>Die Ware wird umgehend nach best\u00e4tigtem Zahlungseingang versandt. Der Versand erfolgt durchschnittlich sp\u00e4testens nach 7 Werktagen. Der Unternehmer verpflichtet sich zur Lieferung am 10. Tag nach Bestelleingang. Die Regellieferzeit betr\u00e4gt 7 Werktage, wenn in der Artikelbeschreibung nichts anderes angegeben ist. Der Anbieter versendet die Bestellung aus eigenem Lager, sobald die gesamte Bestellung dort vorr\u00e4tig ist. Der Kunde wird \u00fcber Verz\u00f6gerungen umgehend informiert. Hat der Anbieter ein dauerhaftes Lieferhindernis, insbesondere h\u00f6here Gewalt oder Nichtbelieferung durch eigenen Lieferanten, obwohl rechtzeitig ein entsprechendes Deckungsgesch\u00e4ft get\u00e4tigt wurde, nicht zu vertreten, so hat der Anbieter das Recht, insoweit von einem Vertrag mit dem Kunden zur\u00fcckzutreten. Der Kunde wird dar\u00fcber unverz\u00fcglich informiert und empfangene Leistungen, insbesondere Zahlungen, zur\u00fcckerstattet.<\/p>\n<h3><strong>Widerrufsrecht und Kundendienst, Widerrufsbelehrung und \u2028\u2028Widerrufsrecht\u2028\u2028<\/strong><\/h3>\n<p>Sie haben das Recht, binnen vierzehn Tagen ohne Angabe von Gr\u00fcnden diesen Vertrag zu widerrufen. \u2028\u2028Die Widerrufsfrist betr\u00e4gt vierzehn Tage ab dem Tag,<\/p>\n<ul>\n<li>Im Falle eines Kaufvertrags: an dem Sie oder ein von Ihnen benannter Dritter, der nicht der Bef\u00f6rderer ist, die letzte Ware in Besitz genommen haben bzw. hat.<\/li>\n<li>Im Falle einer Vertrags \u00fcber mehrere Waren, die der Verbraucher im Rahmen einer einheitlichen Bestellung bestellt hat und die getrennt geliefert werden: an dem Sie oder ein von Ihnen benannter Dritter, der nicht Bef\u00f6rderer ist, die letzte Ware in Besitz genommen haben bzw. hat.<\/li>\n<li>Im Falle eines Vertrags \u00fcber die Lieferung einer Ware in mehreren Teilsendungen oder St\u00fccken: an dem Sie oder ein von Ihnen benannter Dritter, der nicht Bef\u00f6rderer ist, die letzte Teilsendung oder das letzte St\u00fcck in Besitz genommen haben bzw. hat.<\/li>\n<li>Im Falle eines Vertrages zur regelm\u00e4\u00dfigen Lieferung von Waren \u00fcber einen festgelegten Zeitraum hinweg: an dem Sie oder ein von Ihnen benannter Dritter, der nicht Bef\u00f6rderer ist, die erste Ware in Besitz genommen haben bzw. hat.<\/li>\n<\/ul>\n<p>Beim Zusammentreffen mehrerer Alternativen ist der jeweils letzte Zeitpunkt ma\u00dfgeblich.\u00a0Um Ihr Widerrufsrecht auszu\u00fcben, m\u00fcssen Sie uns (SICA info@sica-up.com) mittels einer eindeutigen Erkl\u00e4rung (z.B. ein mit der Post versandter Brief, Telefax, oder E-Mail) \u00fcber Ihren Entschluss, diesen Vertrag zu widerrufen, informieren. Sie k\u00f6nnen daf\u00fcr das beigef\u00fcgte Muster-Widerrufsformular verwenden, das jedoch nicht vorgeschrieben ist.\u00a0Zur Wahrung der Widerrufsfrist reicht es aus, dass Sie die Mitteilung \u00fcber die Aus\u00fcbung des Widerrufsrechts vor Ablauf der Widerrufsfrist absenden.<\/p>\n<h3><strong>Folgen des Widerrufs\u2028\u2028<\/strong><\/h3>\n<p>Wenn Sie diesen Vertrag widerrufen, erstatten wir nur Zahlungen, die wir von Ihnen im Zusammenhang mit dem Produktkauf erhalten haben, Versandkosten werden von uns nicht erstattet. Alle weiteren geleisteten Zahlungen werden sofort und sp\u00e4testens innerhalb von 14 Tagen ab dem Tag, an dem wir Ihre K\u00fcndigung dieses Vertrags erhalten haben, zur\u00fcckerstattet. F\u00fcr diese R\u00fcckzahlung verwenden wir dasselbe Zahlungsmittel, das Sie bei der urspr\u00fcnglichen Transaktion eingesetzt haben, es sei denn, mit Ihnen wurde ausdr\u00fccklich etwas anderes vereinbart; in keinem Fall werden Ihnen wegen dieser R\u00fcckzahlung Entgelte berechnet.<br \/>\nWir k\u00f6nnen die R\u00fcckzahlung verweigern, bis wir die Waren wieder zur\u00fcckerhalten haben oder bis Sie den Nachweis erbracht haben, dass Sie die Waren zur\u00fcckgesandt haben, je nachdem, welches der fr\u00fchere Zeitpunkt ist.\u2028\u2028 Sie haben die Waren unverz\u00fcglich und in jedem Fall sp\u00e4testens binnen vierzehn Tagen ab dem Tag, an dem Sie uns \u00fcber den Widerruf dieses Vertrags unterrichten, an SICA, Proskauer Str. 4, 10247 Berlin zur\u00fcckzusenden oder zu \u00fcbergeben. Die Frist ist gewahrt, wenn Sie die Waren vor Ablauf der Frist von vierzehn Tagen absenden. \u2028\u2028Sie tragen die unmittelbaren Kosten der R\u00fccksendung der Waren.\u2028\u2028Sie m\u00fcssen f\u00fcr einen etwaigen Wertverlust der Waren nur aufkommen, wenn dieser Wertverlust auf einen zur Pr\u00fcfung der Beschaffenheit, Eigenschaften und Funktionsweise der Waren nicht notwendigen Umgang mit ihnen zur\u00fcckzuf\u00fchren ist.<\/p>\n<h3><strong>Ende der Widerrufsbelehrung Abtretungs- und Verpf\u00e4ndungsverbot<\/strong><\/h3>\n<p><span lang=\"DE\">Anspr\u00fcche oder Rechte des Kunden gegen den Anbieter d\u00fcrfen ohne dessen Zustimmung nicht abgetreten oder verpf\u00e4ndet werden, es sei denn der Kunde hat ein berechtigtes Interesse an der Abtretung oder Verpf\u00e4ndung nachgewiesen.<\/span><\/p>\n<p><strong>WIEDERRUFSFORMULAR<\/strong><\/p>\n<p>Widerrufsbelehrung von<br \/>\nSICA upcycling design<br \/>\nWiderrufsrecht f\u00fcr Verbraucher<br \/>\nDas folgende Widerrufsrecht besteht nur f\u00fcr Verbraucher:<br \/>\nWiderrufsbelehrung<br \/>\nWiderrufsrecht<br \/>\nSie haben das Recht, binnen vierzehn Tagen ohne Angabe von Gr\u00fcnden diesen Vertrag zu widerrufen.<br \/>\nDie Widerrufsfrist betr\u00e4gt vierzehn Tage ab dem Tag, an dem Sie oder ein von Ihnen benannter Dritter, der nicht der Bef\u00f6rderer ist, die Waren in Besitz genommen haben bzw. hat.<br \/>\nUm Ihr Widerrufsrecht auszu\u00fcben, m\u00fcssen Sie uns (SICA upcycling design, Simone Simonato Proskauer Str. 4, 10247 Berlin, Deutschland Telefon: +49 157 74774972, E-Mail: info@sica-up.com) mittels einer eindeutigen Erkl\u00e4rung (z. B. ein mit der Post versandter Brief, Telefax oder E-Mail) \u00fcber Ihren Entschluss, diesen Vertrag zu widerrufen, informieren. Sie k\u00f6nnen daf\u00fcr das beigef\u00fcgte Muster-Widerrufsformular verwenden, das jedoch nicht vorgeschrieben ist.<br \/>\nZur Wahrung der Widerrufsfrist reicht es aus, dass Sie die Mitteilung \u00fcber die Aus\u00fcbung des Widerrufsrechts vor Ablauf der Widerrufsfrist absenden.<br \/>\nFolgen des Widerrufs<\/p>\n<p>Wenn Sie diesen Vertrag widerrufen, erstatten wir nur Zahlungen, die wir von Ihnen im Zusammenhang mit dem Produktkauf erhalten haben, Versandkosten werden von uns nicht erstattet. Alle weiteren geleisteten Zahlungen werden sofort und sp\u00e4testens innerhalb von 14 Tagen ab dem Tag, an dem wir Ihre K\u00fcndigung dieses Vertrags erhalten haben, zur\u00fcckerstattet. F\u00fcr diese R\u00fcckzahlung verwenden wir dasselbe Zahlungsmittel, das Sie bei der urspr\u00fcnglichen Transaktion eingesetzt haben, es sei denn, mit Ihnen wurde ausdr\u00fccklich etwas anderes vereinbart; in keinem Fall werden Ihnen wegen dieser R\u00fcckzahlung Entgelte berechnet. Wir k\u00f6nnen die R\u00fcckzahlung verweigern, bis wir die Waren wieder zur\u00fcckerhalten haben oder bis Sie den Nachweis erbracht haben, dass Sie die Waren zur\u00fcckgesandt haben, je nachdem, welches der fr\u00fchere Zeitpunkt ist.<br \/>\nSie haben die Waren unverz\u00fcglich und in jedem Fall sp\u00e4testens binnen vierzehn Tagen ab dem Tag, an dem Sie uns \u00fcber den Widerruf dieses Vertrags unterrichten, an uns zur\u00fcckzusenden oder zu \u00fcbergeben. Die Frist ist gewahrt, wenn Sie die Waren vor Ablauf der Frist von vierzehn Tagen absenden. Sie tragen die unmittelbaren Kosten der R\u00fccksendung der Waren.<br \/>\nSie m\u00fcssen f\u00fcr einen etwaigen Wertverlust der Waren nur aufkommen, wenn dieser Wertverlust auf einen zur Pr\u00fcfung der Beschaffenheit, Eigenschaften und Funktionsweise der Waren nicht notwendigen Umgang mit ihnen zur\u00fcckzuf\u00fchren ist.<\/p>\n<p>Das Widerrufsrecht besteht nicht bei Fernabsatzvertr\u00e4gen zur Lieferung von Waren, die nicht vorgefertigt sind und f\u00fcr deren Herstellung eine individuelle Auswahl oder Bestimmung durch den Verbraucher ma\u00dfgeblich ist oder die eindeutig auf die pers\u00f6nlichen Bed\u00fcrfnisse des Verbrauchers zugeschnitten sind<\/p>\n<p><strong>Muster-Widerrufsformular<\/strong><br \/>\n(Wenn Sie den Vertrag widerrufen wollen, dann drucken und f\u00fcllen Sie bitte dieses Formular aus und senden Sie es zur\u00fcck.)<\/p>\n<p>An<br \/>\nSICA upcycling design<br \/>\nProskauer Str. 4<br \/>\n10247 Berlin<br \/>\nTelefon: +49 15774774972<br \/>\nE-Mail: info@sica-up.com<\/p>\n<p>Hiermit widerrufe(n) ich\/wir (#) den von mir\/uns (#) abgeschlossenen Vertrag \u00fcber den Kauf\u00a0der folgenden Waren (#)\/die Erbringung der folgenden Dienstleistung (#)<br \/>\nBestellt am (#)\/erhalten am (#)<\/p>\n<p>Name des\/der Verbraucher(s)<br \/>\nAnschrift des\/der Verbraucher(s)<\/p>\n<p>Unterschrift des\/der Verbraucher(s) (nur bei Mitteilung auf Papier)<br \/>\nDatum<br \/>\n(#) Unzutreffendes streichen.<\/p>\n<\/div>\n<p><\/p>","protected":false},"excerpt":{"rendered":"<p>Vertragspartner Auf Grundlage dieser Allgemeinen Gesch\u00e4ftsbedingungen (AGB) kommt zwischen dem*r Kunden*in und SICA up cycling design,\u2028vertreten durch Simone Simonato\u2028, Proskauer Str. 4\u2028,10247 Berlin,\u2028 Mail: info@sica-up.com\u2028\u2028 Umsatzsteuer-Identifikationsnummer: DE294513299, nachfolgend Anbieterin genannt, [&hellip;]<\/p>\n","protected":false},"author":2,"featured_media":0,"parent":0,"menu_order":0,"comment_status":"closed","ping_status":"closed","template":"","meta":{"_genesis_hide_title":false,"_genesis_hide_breadcrumbs":false,"_genesis_hide_singular_image":false,"_genesis_hide_footer_widgets":false,"_genesis_custom_body_class":"","_genesis_custom_post_class":"","_genesis_layout":"","footnotes":""},"_links":{"self":[{"href":"https:\/\/sica-up.com\/de\/wp-json\/wp\/v2\/pages\/485"}],"collection":[{"href":"https:\/\/sica-up.com\/de\/wp-json\/wp\/v2\/pages"}],"about":[{"href":"https:\/\/sica-up.com\/de\/wp-json\/wp\/v2\/types\/page"}],"author":[{"embeddable":true,"href":"https:\/\/sica-up.com\/de\/wp-json\/wp\/v2\/users\/2"}],"replies":[{"embeddable":true,"href":"https:\/\/sica-up.com\/de\/wp-json\/wp\/v2\/comments?post=485"}],"version-history":[{"count":30,"href":"https:\/\/sica-up.com\/de\/wp-json\/wp\/v2\/pages\/485\/revisions"}],"predecessor-version":[{"id":2204,"href":"https:\/\/sica-up.com\/de\/wp-json\/wp\/v2\/pages\/485\/revisions\/2204"}],"wp:attachment":[{"href":"https:\/\/sica-up.com\/de\/wp-json\/wp\/v2\/media?parent=485"}],"curies":[{"name":"wp","href":"https:\/\/api.w.org\/{rel}","templated":true}]}}