{"id":628,"date":"2016-11-14T10:16:53","date_gmt":"2016-11-14T10:16:53","guid":{"rendered":"https:\/\/sica-up.com\/?page_id=628"},"modified":"2023-04-28T15:40:44","modified_gmt":"2023-04-28T15:40:44","slug":"about-us","status":"publish","type":"page","link":"https:\/\/sica-up.com\/de\/uber-sica\/","title":{"rendered":"\u00dcber SICA"},"content":{"rendered":"<div class=\"wp-block-image is-style-default\">\n<figure class=\"alignleft\"><img loading=\"lazy\" decoding=\"async\" width=\"1243\" height=\"829\" src=\"http:\/\/sica-up.com\/wp-content\/uploads\/2021\/08\/Tajhat-1.jpg\" alt=\"\" class=\"wp-image-2944\" srcset=\"https:\/\/sica-up.com\/wp-content\/uploads\/2021\/08\/Tajhat-1.jpg 1243w, https:\/\/sica-up.com\/wp-content\/uploads\/2021\/08\/Tajhat-1-600x400.jpg 600w\" sizes=\"(max-width: 709px) 85vw, (max-width: 909px) 67vw, (max-width: 1362px) 62vw, 840px\" \/><\/figure><\/div>\n\n\n<p><\/p>\n\n\n\n<p><\/p>\n\n\n\n<p><\/p>\n\n\n\n<p>Das Label SICA wurde 2006 in Curitiba, Brasilien ins Leben gerufen. Augenmerk war von Beginn an die Kreation unverwechselbarer Kleidung und Accesoires aus leuchtend bunten Textilabf\u00e4llen lokaler Fabriken S\u00fcdbrasiliens. Angefangen mit dem Verkauf von SICA Produkten auf einem Sonntagsmarkt, bis hin zu einem eigenen Concept Store, war SICA damals nicht nur Plattform f\u00fcr den Verkauf eigener Kreationen, sondern bot auch anderen Kolleg*innen aus der Modebranche, K\u00fcnstler*innen und N\u00e4her*innen M\u00f6glichkeiten und Partnerschaften .<\/p>\n\n\n\n<p>Mit der Produktlinie \u201aProudly made in Bangladesch\u2018 expandierte SICA im Jahr 2013 nach Berlin und Bangladesch. SICA Proudly made in Bangladesch outsourct textile Schnittabf\u00e4lle der Bangladescher Fertigwaren- und Bekleidungsindustrie (RMG) und gibt diese anschliessend in die H\u00e4nde von ausgebildeten Kunsthandwerker*innen im l\u00e4ndlichen Rangpur, gelegen im Norden Bangladeschs. Der Gr\u00fcnderin von SICA, Simone Simonato, ist es dabei essentiell und wichtig viel Zeit in Bangladesch zu verbringen, um die Beziehung mit den Produzent*innen und lokalen Organisationen zu pflegen. Durch pers\u00f6nliche Recherche und ein Zusammenleben in diesen Gemeinden erforscht Simone gemeinsam mit den Kunsthandwerker*innen Wege, um durch Schaffung fairer Arbeitspl\u00e4tze und Unterst\u00fctzung Hilfe beim Ausbau der handwerklichen F\u00e4higkeiten der Arbeiter*innen zu bieten.<\/p>\n\n\n\n<p>Ziel in Berlin ist es nicht nur das Bangladeschi Kunsthandwerk sichtbar zu machen, sondern auch sich mit der starken und wachsenden Community der Stadt f\u00fcr nachhaltiges Design zu vernetzen und zusammenzuarbeiten.<\/p>\n\n\n\n<p>SICA arbeitet nach wie vor als Impulsgeber, lokal handelnd und global denkend bietet das Label positive L\u00f6sungen in der Modeindustrie.<\/p>\n\n\n\n<p>Erfahre mehr unter&nbsp;<a href=\"https:\/\/sica-up.com\/de\/2017\/03\/konzept\/\">\u201aKonzept\u2018<\/a>.<\/p>\n\n\n\n<p><\/p>","protected":false},"excerpt":{"rendered":"<p>Das Label SICA wurde 2006 in Curitiba, Brasilien ins Leben gerufen. Augenmerk war von Beginn an die Kreation unverwechselbarer Kleidung und Accesoires aus leuchtend bunten Textilabf\u00e4llen lokaler Fabriken S\u00fcdbrasiliens. Angefangen [&hellip;]<\/p>\n","protected":false},"author":2,"featured_media":2526,"parent":0,"menu_order":0,"comment_status":"closed","ping_status":"closed","template":"","meta":{"_genesis_hide_title":false,"_genesis_hide_breadcrumbs":false,"_genesis_hide_singular_image":false,"_genesis_hide_footer_widgets":false,"_genesis_custom_body_class":"","_genesis_custom_post_class":"","_genesis_layout":"","footnotes":""},"_links":{"self":[{"href":"https:\/\/sica-up.com\/de\/wp-json\/wp\/v2\/pages\/628"}],"collection":[{"href":"https:\/\/sica-up.com\/de\/wp-json\/wp\/v2\/pages"}],"about":[{"href":"https:\/\/sica-up.com\/de\/wp-json\/wp\/v2\/types\/page"}],"author":[{"embeddable":true,"href":"https:\/\/sica-up.com\/de\/wp-json\/wp\/v2\/users\/2"}],"replies":[{"embeddable":true,"href":"https:\/\/sica-up.com\/de\/wp-json\/wp\/v2\/comments?post=628"}],"version-history":[{"count":18,"href":"https:\/\/sica-up.com\/de\/wp-json\/wp\/v2\/pages\/628\/revisions"}],"predecessor-version":[{"id":3351,"href":"https:\/\/sica-up.com\/de\/wp-json\/wp\/v2\/pages\/628\/revisions\/3351"}],"wp:featuredmedia":[{"embeddable":true,"href":"https:\/\/sica-up.com\/de\/wp-json\/wp\/v2\/media\/2526"}],"wp:attachment":[{"href":"https:\/\/sica-up.com\/de\/wp-json\/wp\/v2\/media?parent=628"}],"curies":[{"name":"wp","href":"https:\/\/api.w.org\/{rel}","templated":true}]}}