{"id":3095,"date":"2023-03-18T10:29:19","date_gmt":"2023-03-18T10:29:19","guid":{"rendered":"http:\/\/sica-up.com\/?post_type=product&#038;p=3095"},"modified":"2024-04-28T18:44:14","modified_gmt":"2024-04-28T18:44:14","slug":"tripty-bag-multicolour","status":"publish","type":"product","link":"https:\/\/sica-up.com\/de\/shop\/tripty-bag-multicolour\/","title":{"rendered":"Tripty bag multicolor"},"content":{"rendered":"<p>Die echter Hingucker Trinity Tasche ist dein idealer t\u00e4glich Begleiter. Mit Magnetverschluss und handgemacht Langer Schulterriemen aus Jute, sie bietet mit einer separaten Innentasche genug Platz f\u00fcr all deine pers\u00f6nliche Habe.<\/p>\n<p>SICA Clipping Up verarbeitet Stoffreste zu wunderbaren Upcycling-Taschen. Die Trinity Tasche werde auf alten Handwebst\u00fchlen gefertigt. Somit tr\u00e4gt SICA dazu bei, die traditionelle Webkunst aus Bangladesch zu erhalten. Fever Tasche Umh\u00e4ngetasche oder Clutch.Die echter Hingucker Trinity Tasche ist dein idealer t\u00e4glich Begleiter. Mit Magnetverschluss und handgemacht Langer Schulterriemen aus Jute, sie bietet mit einer separaten Innentasche genug Platz f\u00fcr all deine pers\u00f6nliche Habe.<\/p>\n<p>SICA Clipping Up verarbeitet Stoffreste zu wunderbaren Upcycling-Taschen. Die Trinity Tasche werde auf alten Handwebst\u00fchlen gefertigt. Somit tr\u00e4gt SICA dazu bei, die traditionelle Webkunst aus Bangladesch zu erhalten. Fever Tasche Umh\u00e4ngetasche oder Clutch.Die echter Hingucker Trinity Tasche ist dein idealer t\u00e4glich Begleiter. Mit Magnetverschluss und handgemacht Langer Schulterriemen aus Jute, sie bietet mit einer separaten Innentasche genug Platz f\u00fcr all deine pers\u00f6nliche Habe.<\/p>\n<p>SICA Clipping Up verarbeitet Stoffreste zu wunderbaren Upcycling-Taschen. Die Trinity Tasche werde auf alten Handwebst\u00fchlen gefertigt. Somit tr\u00e4gt SICA dazu bei, die traditionelle Webkunst aus Bangladesch zu erhalten. Fever Tasche Umh\u00e4ngetasche oder Clutch.Die echter Hingucker Trinity Tasche ist dein idealer t\u00e4glich Begleiter. Mit Magnetverschluss und handgemacht Langer Schulterriemen aus Jute, sie bietet mit einer separaten Innentasche genug Platz f\u00fcr all deine pers\u00f6nliche Habe.<\/p>\n<p>SICA Clipping Up verarbeitet Stoffreste zu wunderbaren Upcycling-Taschen. Die Trinity Tasche werde auf alten Handwebst\u00fchlen gefertigt. Somit tr\u00e4gt SICA dazu bei, die traditionelle Webkunst aus Bangladesch zu erhalten. Fever Tasche Umh\u00e4ngetasche oder Clutch.<\/p>","protected":false},"excerpt":{"rendered":"<p>-Ma\u00dfe: 33 x 22 cm<br \/>\n-Langer Schulterriemen aus Jute<br \/>\n-Magnetverschluss<br \/>\n-Innentasche mit Rei\u00dfverschluss<br \/>\n-Material: Jersey Clippings-Ma\u00dfe: 33 x 22 cm<br \/>\n-Langer Schulterriemen aus Jute<br \/>\n-Magnetverschluss<br \/>\n-Innentasche mit Rei\u00dfverschluss<br \/>\n-Material: Jersey Clippings-Ma\u00dfe: 33 x 22 cm<br \/>\n-Langer Schulterriemen aus Jute<br \/>\n-Magnetverschluss<br \/>\n-Innentasche mit Rei\u00dfverschluss<br \/>\n-Material: Jersey Clippings-Ma\u00dfe: 33 x 22 cm<br \/>\n-Langer Schulterriemen aus Jute<br \/>\n-Magnetverschluss<br \/>\n-Innentasche mit Rei\u00dfverschluss<br \/>\n-Material: Jersey Clippings<\/p>\n","protected":false},"featured_media":3097,"comment_status":"closed","ping_status":"closed","template":"","meta":{"_genesis_hide_title":false,"_genesis_hide_breadcrumbs":false,"_genesis_hide_singular_image":false,"_genesis_hide_footer_widgets":false,"_genesis_custom_body_class":"","_genesis_custom_post_class":"","_genesis_layout":""},"product_cat":[12,115],"product_tag":[66,61,48,53],"_links":{"self":[{"href":"https:\/\/sica-up.com\/de\/wp-json\/wp\/v2\/product\/3095"}],"collection":[{"href":"https:\/\/sica-up.com\/de\/wp-json\/wp\/v2\/product"}],"about":[{"href":"https:\/\/sica-up.com\/de\/wp-json\/wp\/v2\/types\/product"}],"replies":[{"embeddable":true,"href":"https:\/\/sica-up.com\/de\/wp-json\/wp\/v2\/comments?post=3095"}],"wp:featuredmedia":[{"embeddable":true,"href":"https:\/\/sica-up.com\/de\/wp-json\/wp\/v2\/media\/3097"}],"wp:attachment":[{"href":"https:\/\/sica-up.com\/de\/wp-json\/wp\/v2\/media?parent=3095"}],"wp:term":[{"taxonomy":"product_cat","embeddable":true,"href":"https:\/\/sica-up.com\/de\/wp-json\/wp\/v2\/product_cat?post=3095"},{"taxonomy":"product_tag","embeddable":true,"href":"https:\/\/sica-up.com\/de\/wp-json\/wp\/v2\/product_tag?post=3095"}],"curies":[{"name":"wp","href":"https:\/\/api.w.org\/{rel}","templated":true}]}}