{"id":2014,"date":"2022-03-18T09:26:19","date_gmt":"2022-03-18T09:26:19","guid":{"rendered":"https:\/\/sica-up.com\/?post_type=product&#038;p=2014"},"modified":"2025-05-20T17:06:27","modified_gmt":"2025-05-20T17:06:27","slug":"cotton-candy-bike-pannier","status":"publish","type":"product","link":"https:\/\/sica-up.com\/pb\/shop\/cotton-candy-alforje\/","title":{"rendered":"COTTON CANDY Alforje"},"content":{"rendered":"<p><\/p>\n<blockquote><p>- Feita em dois compartimentos de 36 x 32 cm cada<br \/>\n&#8211; Bolso interno com fechamento em zipper<span class=\"Apple-converted-space\"><br \/>\n<\/span>&#8211; Al\u00e7a regul\u00e1vel em dois poss\u00edveis comprimentos: \u00a050 cm ou 100 cm<span class=\"Apple-converted-space\"><br \/>\n<\/span>&#8211; Material: retra\u00e7os (clippings)\u00a0de malha<\/p>\n<p><\/p>","protected":false},"excerpt":{"rendered":"<p>O alforje COTTON CANDY foi criado para ser um \u00f3timo companheiro da sua bicicleta.<br \/>\nEle \u00e9 composto por duas partes separadas de f\u00e1cil e seguro fechamento de amarra\u00e7\u00e3o.<br \/>\nCom um simples clique os ganchos laterais permitem encaixe do alforje \u00e0 parte traseira da bicicleta.<\/p>\n<p>dois compartimentos de\u00a036 x 32 cm cada<\/p>\n","protected":false},"featured_media":2022,"comment_status":"closed","ping_status":"closed","template":"","meta":{"_genesis_hide_title":false,"_genesis_hide_breadcrumbs":false,"_genesis_hide_singular_image":false,"_genesis_hide_footer_widgets":false,"_genesis_custom_body_class":"","_genesis_custom_post_class":"","_genesis_layout":""},"product_cat":[12,121],"product_tag":[69,66,61,48,53],"_links":{"self":[{"href":"https:\/\/sica-up.com\/pb\/wp-json\/wp\/v2\/product\/2014"}],"collection":[{"href":"https:\/\/sica-up.com\/pb\/wp-json\/wp\/v2\/product"}],"about":[{"href":"https:\/\/sica-up.com\/pb\/wp-json\/wp\/v2\/types\/product"}],"replies":[{"embeddable":true,"href":"https:\/\/sica-up.com\/pb\/wp-json\/wp\/v2\/comments?post=2014"}],"wp:featuredmedia":[{"embeddable":true,"href":"https:\/\/sica-up.com\/pb\/wp-json\/wp\/v2\/media\/2022"}],"wp:attachment":[{"href":"https:\/\/sica-up.com\/pb\/wp-json\/wp\/v2\/media?parent=2014"}],"wp:term":[{"taxonomy":"product_cat","embeddable":true,"href":"https:\/\/sica-up.com\/pb\/wp-json\/wp\/v2\/product_cat?post=2014"},{"taxonomy":"product_tag","embeddable":true,"href":"https:\/\/sica-up.com\/pb\/wp-json\/wp\/v2\/product_tag?post=2014"}],"curies":[{"name":"wp","href":"https:\/\/api.w.org\/{rel}","templated":true}]}}