{"id":3095,"date":"2023-03-18T10:29:19","date_gmt":"2023-03-18T10:29:19","guid":{"rendered":"http:\/\/sica-up.com\/?post_type=product&#038;p=3095"},"modified":"2024-04-28T18:44:14","modified_gmt":"2024-04-28T18:44:14","slug":"tripty-bag-multicolour","status":"publish","type":"product","link":"https:\/\/sica-up.com\/pb\/shop\/tripty-bag-multicolour\/","title":{"rendered":"Tripty bag multicolor"},"content":{"rendered":"<p>SICA Trinity clutch \u00e9 a companheira ideal para o dia-a-dia. Com espa\u00e7o suficiente para \u00edtens pessoais e bolso interno, ela possui fechamento em bot\u00f5es magn\u00e9ticos e al\u00e7a em juta feito \u00e0 m\u00e3o.<\/p>\n<p>A Trinity clutch \u00e9 tecida em teares tradicionais manuais ao norte de Bangladesh, preservando a arte da tecelagem local.SICA Trinity clutch \u00e9 a companheira ideal para o dia-a-dia. Com espa\u00e7o suficiente para \u00edtens pessoais e bolso interno, ela possui fechamento em bot\u00f5es magn\u00e9ticos e al\u00e7a em juta feito \u00e0 m\u00e3o.<\/p>\n<p>A Trinity clutch \u00e9 tecida em teares tradicionais manuais ao norte de Bangladesh, preservando a arte da tecelagem local.SICA Trinity clutch \u00e9 a companheira ideal para o dia-a-dia. Com espa\u00e7o suficiente para \u00edtens pessoais e bolso interno, ela possui fechamento em bot\u00f5es magn\u00e9ticos e al\u00e7a em juta feito \u00e0 m\u00e3o.<\/p>\n<p>A Trinity clutch \u00e9 tecida em teares tradicionais manuais ao norte de Bangladesh, preservando a arte da tecelagem local.SICA Trinity clutch \u00e9 a companheira ideal para o dia-a-dia. Com espa\u00e7o suficiente para \u00edtens pessoais e bolso interno, ela possui fechamento em bot\u00f5es magn\u00e9ticos e al\u00e7a em juta feito \u00e0 m\u00e3o.<\/p>\n<p>A Trinity clutch \u00e9 tecida em teares tradicionais manuais ao norte de Bangladesh, preservando a arte da tecelagem local.<\/p>","protected":false},"excerpt":{"rendered":"<p class=\"font_8\" dir=\"ltr\">-Dimens\u00f5es: 33 x 22 cm<br \/>\n-Al\u00e7a em juta<br \/>\n-Fecho em bot\u00e3o magn\u00e9tico<br \/>\n-Bolso interno com z\u00edper<br \/>\n-Material: retra\u00e7os (clippings)\u00a0de malha<\/p>\n<p class=\"font_8\" dir=\"ltr\">-Dimens\u00f5es: 33 x 22 cm<br \/>\n-Al\u00e7a em juta<br \/>\n-Fecho em bot\u00e3o magn\u00e9tico<br \/>\n-Bolso interno com z\u00edper<br \/>\n-Material: retra\u00e7os (clippings)\u00a0de malha<\/p>\n<p class=\"font_8\" dir=\"ltr\">-Dimens\u00f5es: 33 x 22 cm<br \/>\n-Al\u00e7a em juta<br \/>\n-Fecho em bot\u00e3o magn\u00e9tico<br \/>\n-Bolso interno com z\u00edper<br \/>\n-Material: retra\u00e7os (clippings)\u00a0de malha<\/p>\n<p class=\"font_8\" dir=\"ltr\">-Dimens\u00f5es: 33 x 22 cm<br \/>\n-Al\u00e7a em juta<br \/>\n-Fecho em bot\u00e3o magn\u00e9tico<br \/>\n-Bolso interno com z\u00edper<br \/>\n-Material: retra\u00e7os (clippings)\u00a0de malha<\/p>\n","protected":false},"featured_media":3097,"comment_status":"closed","ping_status":"closed","template":"","meta":{"_genesis_hide_title":false,"_genesis_hide_breadcrumbs":false,"_genesis_hide_singular_image":false,"_genesis_hide_footer_widgets":false,"_genesis_custom_body_class":"","_genesis_custom_post_class":"","_genesis_layout":""},"product_cat":[12,115],"product_tag":[66,61,48,53],"_links":{"self":[{"href":"https:\/\/sica-up.com\/pb\/wp-json\/wp\/v2\/product\/3095"}],"collection":[{"href":"https:\/\/sica-up.com\/pb\/wp-json\/wp\/v2\/product"}],"about":[{"href":"https:\/\/sica-up.com\/pb\/wp-json\/wp\/v2\/types\/product"}],"replies":[{"embeddable":true,"href":"https:\/\/sica-up.com\/pb\/wp-json\/wp\/v2\/comments?post=3095"}],"wp:featuredmedia":[{"embeddable":true,"href":"https:\/\/sica-up.com\/pb\/wp-json\/wp\/v2\/media\/3097"}],"wp:attachment":[{"href":"https:\/\/sica-up.com\/pb\/wp-json\/wp\/v2\/media?parent=3095"}],"wp:term":[{"taxonomy":"product_cat","embeddable":true,"href":"https:\/\/sica-up.com\/pb\/wp-json\/wp\/v2\/product_cat?post=3095"},{"taxonomy":"product_tag","embeddable":true,"href":"https:\/\/sica-up.com\/pb\/wp-json\/wp\/v2\/product_tag?post=3095"}],"curies":[{"name":"wp","href":"https:\/\/api.w.org\/{rel}","templated":true}]}}