{"id":3101,"date":"2023-03-18T10:20:55","date_gmt":"2023-03-18T10:20:55","guid":{"rendered":"http:\/\/sica-up.com\/?post_type=product&#038;p=3101"},"modified":"2024-09-20T12:45:10","modified_gmt":"2024-09-20T12:45:10","slug":"laptop-case-13-multicolor","status":"publish","type":"product","link":"https:\/\/sica-up.com\/pb\/shop\/laptop-case-13-multicolor\/","title":{"rendered":"Capa para laptop S (13&#8221;) multi"},"content":{"rendered":"<p><\/p>\n<p class=\"font_2\">A case de laptop SICA Fever oferece \u00f3tima prote\u00e7\u00e3o atrav\u00e9s de trama firme. Al\u00e9m de uma\u00a0vibrante presen\u00e7a para\u00a0a\u00a0compania di\u00e1ria.<\/p>\n<p class=\"font_2\">SICA <em>Proudly made in Bangladesh<\/em> transforma refugos t\u00eaxteis em novos produtos.<\/p>\n<p class=\"font_2\">A capa Fever \u00e9 tecida a m\u00e3o em teares tradicionais, dessa maneira SICA ajuda a preservar a arte da tecelagem em Bangladesh.<\/p>\n<p><\/p>\n<p class=\"font_2\">A case de laptop SICA Fever oferece \u00f3tima prote\u00e7\u00e3o atrav\u00e9s de trama firme. Al\u00e9m de uma\u00a0vibrante presen\u00e7a para\u00a0a\u00a0compania di\u00e1ria.<\/p>\n<p class=\"font_2\">SICA <em>Proudly made in Bangladesh<\/em> transforma refugos t\u00eaxteis em novos produtos.<\/p>\n<p class=\"font_2\">A capa Fever \u00e9 tecida a m\u00e3o em teares tradicionais, dessa maneira SICA ajuda a preservar a arte da tecelagem em Bangladesh.<\/p>\n<p class=\"font_2\">\n<p><\/p>","protected":false},"excerpt":{"rendered":"<p>-Tamanho 24 x 35 cm<br \/>\n-Zipper lateral e superior<br \/>\n-Feita de refugos (clippings) de malha<br \/>\n-Feita para laptop tamanho\u00a013&#8243;:<\/p>\n<ul>\n<li>\u00a0macbook pro retina display<\/li>\n<li>Lenovo 12\u201c<\/li>\n<li>ASUS ZenBook 13 UX331UA<\/li>\n<li>ASUS ZenBook Flip S UX370UA<\/li>\n<li>ASUS ZenBook S UX391UA<\/li>\n<li>ASUS VivoBook S13 S330UN<\/li>\n<li>HP ENVY 13-ah0700ng | -ah0306ng | -ah005ng<\/li>\n<li>Dell XPS 13\u201d<\/li>\n<li>Dell Inspiron 13 7000 Notebook<\/li>\n<li>Dell XPS\u00a013\u00a0Dell Cinema Laptop<\/li>\n<li>Dell XPS\u00a013 2-in-1<\/li>\n<\/ul>\n<p>-Tamanho 24 x 35 cm<br \/>\n-Zipper lateral e superior<br \/>\n-Feita de refugos (clippings) de malha<br \/>\n-Feita para laptop tamanho\u00a013&#8243;:<\/p>\n<ul>\n<li>\u00a0macbook pro retina display<\/li>\n<li>Lenovo 12\u201c<\/li>\n<li>ASUS ZenBook 13 UX331UA<\/li>\n<li>ASUS ZenBook Flip S UX370UA<\/li>\n<li>ASUS ZenBook S UX391UA<\/li>\n<li>ASUS VivoBook S13 S330UN<\/li>\n<li>HP ENVY 13-ah0700ng | -ah0306ng | -ah005ng<\/li>\n<li>Dell XPS 13\u201d<\/li>\n<li>Dell Inspiron 13 7000 Notebook<\/li>\n<li>Dell XPS\u00a013\u00a0Dell Cinema Laptop<\/li>\n<li>Dell XPS\u00a013 2-in-1<\/li>\n<\/ul>\n","protected":false},"featured_media":3102,"comment_status":"closed","ping_status":"closed","template":"","meta":{"_genesis_hide_title":false,"_genesis_hide_breadcrumbs":false,"_genesis_hide_singular_image":false,"_genesis_hide_footer_widgets":false,"_genesis_custom_body_class":"","_genesis_custom_post_class":"","_genesis_layout":""},"product_cat":[12,84],"product_tag":[66,61,98,53],"_links":{"self":[{"href":"https:\/\/sica-up.com\/pb\/wp-json\/wp\/v2\/product\/3101"}],"collection":[{"href":"https:\/\/sica-up.com\/pb\/wp-json\/wp\/v2\/product"}],"about":[{"href":"https:\/\/sica-up.com\/pb\/wp-json\/wp\/v2\/types\/product"}],"replies":[{"embeddable":true,"href":"https:\/\/sica-up.com\/pb\/wp-json\/wp\/v2\/comments?post=3101"}],"wp:featuredmedia":[{"embeddable":true,"href":"https:\/\/sica-up.com\/pb\/wp-json\/wp\/v2\/media\/3102"}],"wp:attachment":[{"href":"https:\/\/sica-up.com\/pb\/wp-json\/wp\/v2\/media?parent=3101"}],"wp:term":[{"taxonomy":"product_cat","embeddable":true,"href":"https:\/\/sica-up.com\/pb\/wp-json\/wp\/v2\/product_cat?post=3101"},{"taxonomy":"product_tag","embeddable":true,"href":"https:\/\/sica-up.com\/pb\/wp-json\/wp\/v2\/product_tag?post=3101"}],"curies":[{"name":"wp","href":"https:\/\/api.w.org\/{rel}","templated":true}]}}