{"id":3118,"date":"2023-03-18T10:00:48","date_gmt":"2023-03-18T10:00:48","guid":{"rendered":"http:\/\/sica-up.com\/?post_type=product&#038;p=3118"},"modified":"2024-09-20T12:45:24","modified_gmt":"2024-09-20T12:45:24","slug":"laptop-case-l-17-multi","status":"publish","type":"product","link":"https:\/\/sica-up.com\/pb\/shop\/laptop-case-l-17-multi\/","title":{"rendered":"Capa para laptop L (17&#8221;) multicolor"},"content":{"rendered":"<p><\/p>\n<p class=\"font_2\">A case de laptop SICA Fever oferece \u00f3tima prote\u00e7\u00e3o atrav\u00e9s de trama firme. Al\u00e9m de uma\u00a0vibrante presen\u00e7a para\u00a0a\u00a0compania di\u00e1ria.<\/p>\n<p class=\"font_2\">SICA <em>Proudly made in Bangladesh<\/em> transforma refugos t\u00eaxteis em novos produtos.<\/p>\n<p class=\"font_2\">Nossas cases s\u00e3o tecida a m\u00e3o em teares tradicionais, dessa maneira SICA ajuda a preservar a arte da tecelagem em Bangladesh.<\/p>\n<p><\/p>\n<p class=\"font_2\">A case de laptop SICA Fever oferece \u00f3tima prote\u00e7\u00e3o atrav\u00e9s de trama firme. Al\u00e9m de uma\u00a0vibrante presen\u00e7a para\u00a0a\u00a0compania di\u00e1ria.<\/p>\n<p class=\"font_2\">SICA <em>Proudly made in Bangladesh<\/em> transforma refugos t\u00eaxteis em novos produtos.<\/p>\n<p class=\"font_2\">Nossas cases s\u00e3o tecida a m\u00e3o em teares tradicionais, dessa maneira SICA ajuda a preservar a arte da tecelagem em Bangladesh.<\/p>\n<p class=\"font_2\">\n<p><\/p>","protected":false},"excerpt":{"rendered":"<p>-Tamanho 33 x 48 cm<br \/>\n-Zipper lateral e superior<br \/>\n-Feita de refugos (clippings) de malha<br \/>\n-Feita para laptops tamanho\u00a017&#8243;:<\/p>\n<ul>\n<li>Dell 17\u201c<\/li>\n<li>Asus 17\u201c<\/li>\n<li>Lenovo 17\u201c<\/li>\n<li>Lenovo V320 (17\u201d)<\/li>\n<li>Lenovo V320 (17\u201d)<\/li>\n<li>Hp 17\u201c<\/li>\n<li>HP ENVY 17&#8221;<\/li>\n<\/ul>\n<p>-Tamanho 33 x 48 cm<br \/>\n-Zipper lateral e superior<br \/>\n-Feita de refugos (clippings) de malha<br \/>\n-Feita para laptops tamanho\u00a017&#8243;:<\/p>\n<ul>\n<li>Dell 17\u201c<\/li>\n<li>Asus 17\u201c<\/li>\n<li>Lenovo 17\u201c<\/li>\n<li>Lenovo V320 (17\u201d)<\/li>\n<li>Lenovo V320 (17\u201d)<\/li>\n<li>Hp 17\u201c<\/li>\n<li>HP ENVY 17&#8221;<\/li>\n<\/ul>\n","protected":false},"featured_media":3119,"comment_status":"closed","ping_status":"closed","template":"","meta":{"_genesis_hide_title":false,"_genesis_hide_breadcrumbs":false,"_genesis_hide_singular_image":false,"_genesis_hide_footer_widgets":false,"_genesis_custom_body_class":"","_genesis_custom_post_class":"","_genesis_layout":""},"product_cat":[12,84],"product_tag":[66,61,98,53],"_links":{"self":[{"href":"https:\/\/sica-up.com\/pb\/wp-json\/wp\/v2\/product\/3118"}],"collection":[{"href":"https:\/\/sica-up.com\/pb\/wp-json\/wp\/v2\/product"}],"about":[{"href":"https:\/\/sica-up.com\/pb\/wp-json\/wp\/v2\/types\/product"}],"replies":[{"embeddable":true,"href":"https:\/\/sica-up.com\/pb\/wp-json\/wp\/v2\/comments?post=3118"}],"wp:featuredmedia":[{"embeddable":true,"href":"https:\/\/sica-up.com\/pb\/wp-json\/wp\/v2\/media\/3119"}],"wp:attachment":[{"href":"https:\/\/sica-up.com\/pb\/wp-json\/wp\/v2\/media?parent=3118"}],"wp:term":[{"taxonomy":"product_cat","embeddable":true,"href":"https:\/\/sica-up.com\/pb\/wp-json\/wp\/v2\/product_cat?post=3118"},{"taxonomy":"product_tag","embeddable":true,"href":"https:\/\/sica-up.com\/pb\/wp-json\/wp\/v2\/product_tag?post=3118"}],"curies":[{"name":"wp","href":"https:\/\/api.w.org\/{rel}","templated":true}]}}