{"id":3120,"date":"2023-03-18T10:40:30","date_gmt":"2023-03-18T10:40:30","guid":{"rendered":"http:\/\/sica-up.com\/?post_type=product&#038;p=3120"},"modified":"2024-12-09T20:02:36","modified_gmt":"2024-12-09T20:02:36","slug":"pouch-multi","status":"publish","type":"product","link":"https:\/\/sica-up.com\/pb\/shop\/pouch-multicolour\/","title":{"rendered":"Bolsa Pouch multicolor"},"content":{"rendered":"<p>Receive first hand our beautiful Pouch bag handwoven by skilled craftswomen.<span class=\"Apple-converted-space\">\u00a0<\/span><\/p>\n<p>Tecida manualmente pelas habilidosas artes\u00e3o ao norte de Bangladesh.<\/p>\n<p>A pouch SICA foi desenvolvida em um design simples e moderno. Feita atrav\u00e9s de Retra\u00e7os de malharia, was bolsa foi criada para utilizar o m\u00ednimo de materiais poss\u00edvel com respeito ao meio-ambiente sendo linda por dentro e por fora &lt;3.Receive first hand our beautiful Pouch bag handwoven by skilled craftswomen.<span class=\"Apple-converted-space\">\u00a0<\/span><\/p>\n<p>Tecida manualmente pelas habilidosas artes\u00e3o ao norte de Bangladesh.<\/p>\n<p>A pouch SICA foi desenvolvida em um design simples e moderno. Feita atrav\u00e9s de Retra\u00e7os de malharia, was bolsa foi criada para utilizar o m\u00ednimo de materiais poss\u00edvel com respeito ao meio-ambiente sendo linda por dentro e por fora &lt;3.Receive first hand our beautiful Pouch bag handwoven by skilled craftswomen.<span class=\"Apple-converted-space\">\u00a0<\/span><\/p>\n<p>Tecida manualmente pelas habilidosas artes\u00e3o ao norte de Bangladesh.<\/p>\n<p>A pouch SICA foi desenvolvida em um design simples e moderno. Feita atrav\u00e9s de Retra\u00e7os de malharia, was bolsa foi criada para utilizar o m\u00ednimo de materiais poss\u00edvel com respeito ao meio-ambiente sendo linda por dentro e por fora &lt;3.Receive first hand our beautiful Pouch bag handwoven by skilled craftswomen.<span class=\"Apple-converted-space\">\u00a0<\/span><\/p>\n<p>Tecida manualmente pelas habilidosas artes\u00e3o ao norte de Bangladesh.<\/p>\n<p>A pouch SICA foi desenvolvida em um design simples e moderno. Feita atrav\u00e9s de Retra\u00e7os de malharia, was bolsa foi criada para utilizar o m\u00ednimo de materiais poss\u00edvel com respeito ao meio-ambiente sendo linda por dentro e por fora &lt;3.<\/p>","protected":false},"excerpt":{"rendered":"<p class=\"font_8\" dir=\"ltr\">-Dimens\u00f5es:\u00a030 x 25 cm<\/p>\n<p class=\"font_8\" dir=\"ltr\">-Dimens\u00f5es:\u00a030 x 25 cm<\/p>\n<p class=\"font_8\" dir=\"ltr\">-Dimens\u00f5es:\u00a030 x 25 cm<\/p>\n<p class=\"font_8\" dir=\"ltr\">-Dimens\u00f5es:\u00a030 x 25 cm<\/p>\n","protected":false},"featured_media":3124,"comment_status":"closed","ping_status":"closed","template":"","meta":{"_genesis_hide_title":false,"_genesis_hide_breadcrumbs":false,"_genesis_hide_singular_image":false,"_genesis_hide_footer_widgets":false,"_genesis_custom_body_class":"","_genesis_custom_post_class":"","_genesis_layout":""},"product_cat":[12,116],"product_tag":[66,11,61,48,53],"_links":{"self":[{"href":"https:\/\/sica-up.com\/pb\/wp-json\/wp\/v2\/product\/3120"}],"collection":[{"href":"https:\/\/sica-up.com\/pb\/wp-json\/wp\/v2\/product"}],"about":[{"href":"https:\/\/sica-up.com\/pb\/wp-json\/wp\/v2\/types\/product"}],"replies":[{"embeddable":true,"href":"https:\/\/sica-up.com\/pb\/wp-json\/wp\/v2\/comments?post=3120"}],"wp:featuredmedia":[{"embeddable":true,"href":"https:\/\/sica-up.com\/pb\/wp-json\/wp\/v2\/media\/3124"}],"wp:attachment":[{"href":"https:\/\/sica-up.com\/pb\/wp-json\/wp\/v2\/media?parent=3120"}],"wp:term":[{"taxonomy":"product_cat","embeddable":true,"href":"https:\/\/sica-up.com\/pb\/wp-json\/wp\/v2\/product_cat?post=3120"},{"taxonomy":"product_tag","embeddable":true,"href":"https:\/\/sica-up.com\/pb\/wp-json\/wp\/v2\/product_tag?post=3120"}],"curies":[{"name":"wp","href":"https:\/\/api.w.org\/{rel}","templated":true}]}}