{"id":3134,"date":"2023-03-18T10:55:00","date_gmt":"2023-03-18T10:55:00","guid":{"rendered":"http:\/\/sica-up.com\/?post_type=product&#038;p=3134"},"modified":"2026-01-29T11:52:46","modified_gmt":"2026-01-29T11:52:46","slug":"tote-bag-multicolour","status":"publish","type":"product","link":"https:\/\/sica-up.com\/pb\/shop\/tote-bag-multi\/","title":{"rendered":"Bolsa Tote multicolor"},"content":{"rendered":"<p>A SICA Tote \u00e9 tipo de bolsas onde tudo cabe e adoramos usar! we much love to wear!<\/p>\n<p>Dur\u00e1vel, leve e macia: a nova combina\u00e7\u00e3o de algod\u00e3o com a juta se tornou a base para tecermos nossos amados clippings de malha.A SICA Tote \u00e9 tipo de bolsas onde tudo cabe e adoramos usar! we much love to wear!<\/p>\n<p>Dur\u00e1vel, leve e macia: a nova combina\u00e7\u00e3o de algod\u00e3o com a juta se tornou a base para tecermos nossos amados clippings de malha.A SICA Tote \u00e9 tipo de bolsas onde tudo cabe e adoramos usar! we much love to wear!<\/p>\n<p>Dur\u00e1vel, leve e macia: a nova combina\u00e7\u00e3o de algod\u00e3o com a juta se tornou a base para tecermos nossos amados clippings de malha.A SICA Tote \u00e9 tipo de bolsas onde tudo cabe e adoramos usar! we much love to wear!<\/p>\n<p>Dur\u00e1vel, leve e macia: a nova combina\u00e7\u00e3o de algod\u00e3o com a juta se tornou a base para tecermos nossos amados clippings de malha.A SICA Tote \u00e9 tipo de bolsas onde tudo cabe e adoramos usar! we much love to wear!<\/p>\n<p>Dur\u00e1vel, leve e macia: a nova combina\u00e7\u00e3o de algod\u00e3o com a juta se tornou a base para tecermos nossos amados clippings de malha.A SICA Tote \u00e9 tipo de bolsas onde tudo cabe e adoramos usar! we much love to wear!<\/p>\n<p>Dur\u00e1vel, leve e macia: a nova combina\u00e7\u00e3o de algod\u00e3o com a juta se tornou a base para tecermos nossos amados clippings de malha.A SICA Tote \u00e9 tipo de bolsas onde tudo cabe e adoramos usar! we much love to wear!<\/p>\n<p>Dur\u00e1vel, leve e macia: a nova combina\u00e7\u00e3o de algod\u00e3o com a juta se tornou a base para tecermos nossos amados clippings de malha.A SICA Tote \u00e9 tipo de bolsas onde tudo cabe e adoramos usar! we much love to wear!<\/p>\n<p>Dur\u00e1vel, leve e macia: a nova combina\u00e7\u00e3o de algod\u00e3o com a juta se tornou a base para tecermos nossos amados clippings de malha.A SICA Tote \u00e9 tipo de bolsas onde tudo cabe e adoramos usar! we much love to wear!<\/p>\n<p>Dur\u00e1vel, leve e macia: a nova combina\u00e7\u00e3o de algod\u00e3o com a juta se tornou a base para tecermos nossos amados clippings de malha.A SICA Tote \u00e9 tipo de bolsas onde tudo cabe e adoramos usar! we much love to wear!<\/p>\n<p>Dur\u00e1vel, leve e macia: a nova combina\u00e7\u00e3o de algod\u00e3o com a juta se tornou a base para tecermos nossos amados clippings de malha.A SICA Tote \u00e9 tipo de bolsas onde tudo cabe e adoramos usar! we much love to wear!<\/p>\n<p>Dur\u00e1vel, leve e macia: a nova combina\u00e7\u00e3o de algod\u00e3o com a juta se tornou a base para tecermos nossos amados clippings de malha.A SICA Tote \u00e9 tipo de bolsas onde tudo cabe e adoramos usar! we much love to wear!<\/p>\n<p>Dur\u00e1vel, leve e macia: a nova combina\u00e7\u00e3o de algod\u00e3o com a juta se tornou a base para tecermos nossos amados clippings de malha.A SICA Tote \u00e9 tipo de bolsas onde tudo cabe e adoramos usar! we much love to wear!<\/p>\n<p>Dur\u00e1vel, leve e macia: a nova combina\u00e7\u00e3o de algod\u00e3o com a juta se tornou a base para tecermos nossos amados clippings de malha.A SICA Tote \u00e9 tipo de bolsas onde tudo cabe e adoramos usar! we much love to wear!<\/p>\n<p>Dur\u00e1vel, leve e macia: a nova combina\u00e7\u00e3o de algod\u00e3o com a juta se tornou a base para tecermos nossos amados clippings de malha.A SICA Tote \u00e9 tipo de bolsas onde tudo cabe e adoramos usar! we much love to wear!<\/p>\n<p>Dur\u00e1vel, leve e macia: a nova combina\u00e7\u00e3o de algod\u00e3o com a juta se tornou a base para tecermos nossos amados clippings de malha.A SICA Tote \u00e9 tipo de bolsas onde tudo cabe e adoramos usar! we much love to wear!<\/p>\n<p>Dur\u00e1vel, leve e macia: a nova combina\u00e7\u00e3o de algod\u00e3o com a juta se tornou a base para tecermos nossos amados clippings de malha.<\/p>","protected":false},"excerpt":{"rendered":"<p class=\"font_8\" dir=\"ltr\">-Dimens\u00f5es: 45 x 42 cm<br \/>\n-Fechamento em bot\u00e3o magn\u00e9tico.<br \/>\n-Material: retra\u00e7os (clippings)\u00a0de malha<\/p>\n<p class=\"font_8\" dir=\"ltr\">-Dimens\u00f5es: 45 x 42 cm<br \/>\n-Fechamento em bot\u00e3o magn\u00e9tico.<br \/>\n-Material: retra\u00e7os (clippings)\u00a0de malha<\/p>\n<p class=\"font_8\" dir=\"ltr\">-Dimens\u00f5es: 45 x 42 cm<br \/>\n-Fechamento em bot\u00e3o magn\u00e9tico.<br \/>\n-Material: retra\u00e7os (clippings)\u00a0de malha<\/p>\n<p class=\"font_8\" dir=\"ltr\">-Dimens\u00f5es: 45 x 42 cm<br \/>\n-Fechamento em bot\u00e3o magn\u00e9tico.<br \/>\n-Material: retra\u00e7os (clippings)\u00a0de malha<\/p>\n<p class=\"font_8\" dir=\"ltr\">-Dimens\u00f5es: 45 x 42 cm<br \/>\n-Fechamento em bot\u00e3o magn\u00e9tico.<br \/>\n-Material: retra\u00e7os (clippings)\u00a0de malha<\/p>\n<p class=\"font_8\" dir=\"ltr\">-Dimens\u00f5es: 45 x 42 cm<br \/>\n-Fechamento em bot\u00e3o magn\u00e9tico.<br \/>\n-Material: retra\u00e7os (clippings)\u00a0de malha<\/p>\n<p class=\"font_8\" dir=\"ltr\">-Dimens\u00f5es: 45 x 42 cm<br \/>\n-Fechamento em bot\u00e3o magn\u00e9tico.<br \/>\n-Material: retra\u00e7os (clippings)\u00a0de malha<\/p>\n<p class=\"font_8\" dir=\"ltr\">-Dimens\u00f5es: 45 x 42 cm<br \/>\n-Fechamento em bot\u00e3o magn\u00e9tico.<br \/>\n-Material: retra\u00e7os (clippings)\u00a0de malha<\/p>\n<p class=\"font_8\" dir=\"ltr\">-Dimens\u00f5es: 45 x 42 cm<br \/>\n-Fechamento em bot\u00e3o magn\u00e9tico.<br \/>\n-Material: retra\u00e7os (clippings)\u00a0de malha<\/p>\n<p class=\"font_8\" dir=\"ltr\">-Dimens\u00f5es: 45 x 42 cm<br \/>\n-Fechamento em bot\u00e3o magn\u00e9tico.<br \/>\n-Material: retra\u00e7os (clippings)\u00a0de malha<\/p>\n<p class=\"font_8\" dir=\"ltr\">-Dimens\u00f5es: 45 x 42 cm<br \/>\n-Fechamento em bot\u00e3o magn\u00e9tico.<br \/>\n-Material: retra\u00e7os (clippings)\u00a0de malha<\/p>\n<p class=\"font_8\" dir=\"ltr\">-Dimens\u00f5es: 45 x 42 cm<br \/>\n-Fechamento em bot\u00e3o magn\u00e9tico.<br \/>\n-Material: retra\u00e7os (clippings)\u00a0de malha<\/p>\n<p class=\"font_8\" dir=\"ltr\">-Dimens\u00f5es: 45 x 42 cm<br \/>\n-Fechamento em bot\u00e3o magn\u00e9tico.<br \/>\n-Material: retra\u00e7os (clippings)\u00a0de malha<\/p>\n<p class=\"font_8\" dir=\"ltr\">-Dimens\u00f5es: 45 x 42 cm<br \/>\n-Fechamento em bot\u00e3o magn\u00e9tico.<br \/>\n-Material: retra\u00e7os (clippings)\u00a0de malha<\/p>\n<p class=\"font_8\" dir=\"ltr\">-Dimens\u00f5es: 45 x 42 cm<br \/>\n-Fechamento em bot\u00e3o magn\u00e9tico.<br \/>\n-Material: retra\u00e7os (clippings)\u00a0de malha<\/p>\n<p class=\"font_8\" dir=\"ltr\">-Dimens\u00f5es: 45 x 42 cm<br \/>\n-Fechamento em bot\u00e3o magn\u00e9tico.<br \/>\n-Material: retra\u00e7os (clippings)\u00a0de malha<\/p>\n","protected":false},"featured_media":3136,"comment_status":"closed","ping_status":"closed","template":"","meta":{"_genesis_hide_title":false,"_genesis_hide_breadcrumbs":false,"_genesis_hide_singular_image":false,"_genesis_hide_footer_widgets":false,"_genesis_custom_body_class":"","_genesis_custom_post_class":"","_genesis_layout":""},"product_cat":[12,114],"product_tag":[66,11,83,61,48,53],"_links":{"self":[{"href":"https:\/\/sica-up.com\/pb\/wp-json\/wp\/v2\/product\/3134"}],"collection":[{"href":"https:\/\/sica-up.com\/pb\/wp-json\/wp\/v2\/product"}],"about":[{"href":"https:\/\/sica-up.com\/pb\/wp-json\/wp\/v2\/types\/product"}],"replies":[{"embeddable":true,"href":"https:\/\/sica-up.com\/pb\/wp-json\/wp\/v2\/comments?post=3134"}],"wp:featuredmedia":[{"embeddable":true,"href":"https:\/\/sica-up.com\/pb\/wp-json\/wp\/v2\/media\/3136"}],"wp:attachment":[{"href":"https:\/\/sica-up.com\/pb\/wp-json\/wp\/v2\/media?parent=3134"}],"wp:term":[{"taxonomy":"product_cat","embeddable":true,"href":"https:\/\/sica-up.com\/pb\/wp-json\/wp\/v2\/product_cat?post=3134"},{"taxonomy":"product_tag","embeddable":true,"href":"https:\/\/sica-up.com\/pb\/wp-json\/wp\/v2\/product_tag?post=3134"}],"curies":[{"name":"wp","href":"https:\/\/api.w.org\/{rel}","templated":true}]}}